{"id":36,"date":"2023-05-29T15:32:18","date_gmt":"2023-05-29T13:32:18","guid":{"rendered":"https:\/\/librairielesoiseauxrares.wordpress.com\/?page_id=36"},"modified":"2025-03-27T17:02:34","modified_gmt":"2025-03-27T16:02:34","slug":"evenements","status":"publish","type":"page","link":"https:\/\/librairie-lesoiseauxrares.fr\/index.php\/evenements\/","title":{"rendered":"\u00c9v\u00e9nements"},"content":{"rendered":"\n<div class=\"wp-block-query alignfull has-global-padding is-layout-constrained wp-block-query-is-layout-constrained\">\n<div class=\"wp-block-columns alignfull main-content is-style-thick-gap has-global-padding is-layout-constrained wp-block-columns-is-layout-constrained is-style-thick-gap--2\">\n<div class=\"wp-block-column is-vertically-aligned-top is-layout-flow wp-block-column-is-layout-flow\"><ul class=\"columns-2 wp-block-post-template is-layout-grid wp-container-core-post-template-is-layout-93e7e78d wp-block-post-template-is-layout-grid\"><li class=\"wp-block-post post-1155 post type-post status-publish format-standard has-post-thumbnail hentry category-evenement category-rencontre tag-30 tag-a-venir\">\n<section class=\"wp-block-template-part\">\n<div class=\"wp-block-group is-style-no-padding is-vertical is-content-justification-left is-layout-flex wp-container-core-group-is-layout-c7bd0f67 wp-block-group-is-layout-flex\" style=\"margin-top:0\"><figure style=\"aspect-ratio:1;width:100%; padding-top:0;padding-bottom:0;padding-left:0;padding-right:0;margin-top:0;margin-bottom:0;\" class=\"alignleft is-style-default wp-block-post-featured-image\"><a href=\"https:\/\/librairie-lesoiseauxrares.fr\/index.php\/2026\/04\/15\/rencontre-litteraire-autour-de-la-creation-romanesque-et-du-travail-decriture-mercredi-11-mars-19h15\/\" target=\"_self\"  ><img loading=\"lazy\" decoding=\"async\" width=\"1080\" height=\"619\" src=\"https:\/\/librairie-lesoiseauxrares.fr\/wp-content\/uploads\/2026\/04\/posts-1080x619.jpg\" class=\"attachment-post-thumbnail size-post-thumbnail wp-post-image\" alt=\"Rencontre litt\u00e9raire autour de la cr\u00e9ation romanesque et du travail d&rsquo;\u00e9criture \u2013 Mercredi 11 mars 19h15\" style=\"border-radius:0px;width:100%;height:100%;object-fit:cover;\" \/><\/a><\/figure>\n\n<h2 class=\"wp-block-post-title has-normal-font-size\"><a href=\"https:\/\/librairie-lesoiseauxrares.fr\/index.php\/2026\/04\/15\/rencontre-litteraire-autour-de-la-creation-romanesque-et-du-travail-decriture-mercredi-11-mars-19h15\/\" target=\"_self\" >Rencontre litt\u00e9raire autour de la cr\u00e9ation romanesque et du travail d&rsquo;\u00e9criture \u2013 Mercredi 11 mars 19h15<\/a><\/h2>\n\n<div class=\"is-style-default wp-block-post-excerpt\"><p class=\"wp-block-post-excerpt__excerpt\">La librairie a le plaisir d&rsquo;accueillir Mohamed Mbougar Sarr et Abel Quentin, pour une rencontre litt\u00e9raire organis\u00e9e &#8211; et enregistr\u00e9e &#8211; par Gabriel Boksztejn pour le Podcast \u00ab\u00a0Je tiens beaucoup\u2026 <\/p><\/div><\/div>\n<\/section>\n<\/li><li class=\"wp-block-post post-1141 post type-post status-publish format-standard has-post-thumbnail hentry category-evenement category-rencontre tag-30 tag-passe\">\n<section class=\"wp-block-template-part\">\n<div class=\"wp-block-group is-style-no-padding is-vertical is-content-justification-left is-layout-flex wp-container-core-group-is-layout-c7bd0f67 wp-block-group-is-layout-flex\" style=\"margin-top:0\"><figure style=\"aspect-ratio:1;width:100%; padding-top:0;padding-bottom:0;padding-left:0;padding-right:0;margin-top:0;margin-bottom:0;\" class=\"alignleft is-style-default wp-block-post-featured-image\"><a href=\"https:\/\/librairie-lesoiseauxrares.fr\/index.php\/2026\/03\/19\/soiree-printemps-des-poetes-le-27-mars-scene-ouverte-a-la-librairie\/\" target=\"_self\"  ><img loading=\"lazy\" decoding=\"async\" width=\"473\" height=\"481\" src=\"https:\/\/librairie-lesoiseauxrares.fr\/wp-content\/uploads\/2026\/03\/extrait-affiche.jpg\" class=\"attachment-post-thumbnail size-post-thumbnail wp-post-image\" alt=\"Soir\u00e9e Printemps des Po\u00e8tes &#8211;  le 27 mars : \u00ab\u00a0Sc\u00e8ne ouverte\u00a0\u00bb \u00e0 la librairie\" style=\"border-radius:0px;width:100%;height:100%;object-fit:cover;\" srcset=\"https:\/\/librairie-lesoiseauxrares.fr\/wp-content\/uploads\/2026\/03\/extrait-affiche.jpg 473w, https:\/\/librairie-lesoiseauxrares.fr\/wp-content\/uploads\/2026\/03\/extrait-affiche-295x300.jpg 295w\" sizes=\"auto, (max-width: 473px) 100vw, 473px\" \/><\/a><\/figure>\n\n<h2 class=\"wp-block-post-title has-normal-font-size\"><a href=\"https:\/\/librairie-lesoiseauxrares.fr\/index.php\/2026\/03\/19\/soiree-printemps-des-poetes-le-27-mars-scene-ouverte-a-la-librairie\/\" target=\"_self\" >Soir\u00e9e Printemps des Po\u00e8tes &#8211;  le 27 mars : \u00ab\u00a0Sc\u00e8ne ouverte\u00a0\u00bb \u00e0 la librairie<\/a><\/h2>\n\n<div class=\"is-style-default wp-block-post-excerpt\"><p class=\"wp-block-post-excerpt__excerpt\">Vous \u00eates invit\u00e9.e.s \u00e0 lire vos textes de po\u00e9sie ou po\u00e9tiques ou \u00e0 ouvrir notre malle aux tr\u00e9sors et \u00e0 lire un extrait d\u2019un livre choisi au hasard (ou pas)\u2026 <\/p><\/div><\/div>\n<\/section>\n<\/li><li class=\"wp-block-post post-1135 post type-post status-publish format-standard has-post-thumbnail hentry category-evenement category-rencontre tag-30 tag-passe\">\n<section class=\"wp-block-template-part\">\n<div class=\"wp-block-group is-style-no-padding is-vertical is-content-justification-left is-layout-flex wp-container-core-group-is-layout-c7bd0f67 wp-block-group-is-layout-flex\" style=\"margin-top:0\"><figure style=\"aspect-ratio:1;width:100%; padding-top:0;padding-bottom:0;padding-left:0;padding-right:0;margin-top:0;margin-bottom:0;\" class=\"alignleft is-style-default wp-block-post-featured-image\"><a href=\"https:\/\/librairie-lesoiseauxrares.fr\/index.php\/2026\/02\/18\/soiree-rencontre-mercredi-11-mars-19h15\/\" target=\"_self\"  ><img loading=\"lazy\" decoding=\"async\" width=\"1100\" height=\"619\" src=\"https:\/\/librairie-lesoiseauxrares.fr\/wp-content\/uploads\/2026\/02\/Henry-Francoise_recentree8RED-1100x619.jpg\" class=\"attachment-post-thumbnail size-post-thumbnail wp-post-image\" alt=\"Soir\u00e9e \u2013 Rencontre \u2013 Mercredi 11 mars 19h15\" style=\"border-radius:0px;width:100%;height:100%;object-fit:cover;\" srcset=\"https:\/\/librairie-lesoiseauxrares.fr\/wp-content\/uploads\/2026\/02\/Henry-Francoise_recentree8RED-1100x619.jpg 1100w, https:\/\/librairie-lesoiseauxrares.fr\/wp-content\/uploads\/2026\/02\/Henry-Francoise_recentree8RED-760x428.jpg 760w\" sizes=\"auto, (max-width: 1100px) 100vw, 1100px\" \/><\/a><\/figure>\n\n<h2 class=\"wp-block-post-title has-normal-font-size\"><a href=\"https:\/\/librairie-lesoiseauxrares.fr\/index.php\/2026\/02\/18\/soiree-rencontre-mercredi-11-mars-19h15\/\" target=\"_self\" >Soir\u00e9e \u2013 Rencontre \u2013 Mercredi 11 mars 19h15<\/a><\/h2>\n\n<div class=\"is-style-default wp-block-post-excerpt\"><p class=\"wp-block-post-excerpt__excerpt\">Mercredi 11 mars \u00e0 19h15, nous accueillons Fran\u00e7oise HENRY pour nous parler de son dernier livre Comme un oiseau sans ailes, paru le 28 janvier 2026 aux \u00c9ditions du Rocher..\u2026 <\/p><\/div><\/div>\n<\/section>\n<\/li><li class=\"wp-block-post post-1129 post type-post status-publish format-standard has-post-thumbnail hentry category-evenement category-rencontre tag-30 tag-passe\">\n<section class=\"wp-block-template-part\">\n<div class=\"wp-block-group is-style-no-padding is-vertical is-content-justification-left is-layout-flex wp-container-core-group-is-layout-c7bd0f67 wp-block-group-is-layout-flex\" style=\"margin-top:0\"><figure style=\"aspect-ratio:1;width:100%; padding-top:0;padding-bottom:0;padding-left:0;padding-right:0;margin-top:0;margin-bottom:0;\" class=\"alignleft is-style-default wp-block-post-featured-image\"><a href=\"https:\/\/librairie-lesoiseauxrares.fr\/index.php\/2026\/02\/18\/lecture-conte-et-gouter-pour-les-enfants-a-partir-de-6-ans-mercredi-11-mars-a-16h30\/\" target=\"_self\"  ><img loading=\"lazy\" decoding=\"async\" width=\"440\" height=\"436\" src=\"https:\/\/librairie-lesoiseauxrares.fr\/wp-content\/uploads\/2026\/02\/extrait-2.jpg\" class=\"attachment-post-thumbnail size-post-thumbnail wp-post-image\" alt=\"Lecture-Conte et go\u00fbter pour les enfants \u00e0 partir de 6 ans \u2013 Mercredi 11 mars \u00e0 16h30\" style=\"border-radius:0px;width:100%;height:100%;object-fit:cover;\" srcset=\"https:\/\/librairie-lesoiseauxrares.fr\/wp-content\/uploads\/2026\/02\/extrait-2.jpg 440w, https:\/\/librairie-lesoiseauxrares.fr\/wp-content\/uploads\/2026\/02\/extrait-2-300x297.jpg 300w, https:\/\/librairie-lesoiseauxrares.fr\/wp-content\/uploads\/2026\/02\/extrait-2-150x150.jpg 150w\" sizes=\"auto, (max-width: 440px) 100vw, 440px\" \/><\/a><\/figure>\n\n<h2 class=\"wp-block-post-title has-normal-font-size\"><a href=\"https:\/\/librairie-lesoiseauxrares.fr\/index.php\/2026\/02\/18\/lecture-conte-et-gouter-pour-les-enfants-a-partir-de-6-ans-mercredi-11-mars-a-16h30\/\" target=\"_self\" >Lecture-Conte et go\u00fbter pour les enfants \u00e0 partir de 6 ans \u2013 Mercredi 11 mars \u00e0 16h30<\/a><\/h2>\n\n<div class=\"is-style-default wp-block-post-excerpt\"><p class=\"wp-block-post-excerpt__excerpt\">Cl\u00e9lie Lecuelle poursuit son cycle de parenth\u00e8ses cont\u00e9es et po\u00e9tiques pour la jeunesse. Avec des po\u00e8mes, des contes, des albums\u2026 Avec ou sans kamishibai. Avec des sons, des voix, des\u2026 <\/p><\/div><\/div>\n<\/section>\n<\/li><li class=\"wp-block-post post-1120 post type-post status-publish format-standard has-post-thumbnail hentry category-evenement category-rencontre tag-30 tag-passe\">\n<section class=\"wp-block-template-part\">\n<div class=\"wp-block-group is-style-no-padding is-vertical is-content-justification-left is-layout-flex wp-container-core-group-is-layout-c7bd0f67 wp-block-group-is-layout-flex\" style=\"margin-top:0\"><figure style=\"aspect-ratio:1;width:100%; padding-top:0;padding-bottom:0;padding-left:0;padding-right:0;margin-top:0;margin-bottom:0;\" class=\"alignleft is-style-default wp-block-post-featured-image\"><a href=\"https:\/\/librairie-lesoiseauxrares.fr\/index.php\/2026\/02\/05\/soiree-rencontre-mercredi-18-fevrier-19h15\/\" target=\"_self\"  ><img loading=\"lazy\" decoding=\"async\" width=\"447\" height=\"485\" src=\"https:\/\/librairie-lesoiseauxrares.fr\/wp-content\/uploads\/2026\/02\/PhotoDF_recentree_red-edited.jpg\" class=\"attachment-post-thumbnail size-post-thumbnail wp-post-image\" alt=\"Soir\u00e9e \u2013 Rencontre \u2013 Mercredi 18 f\u00e9vrier 19h15\" style=\"border-radius:0px;width:100%;height:100%;object-fit:cover;\" srcset=\"https:\/\/librairie-lesoiseauxrares.fr\/wp-content\/uploads\/2026\/02\/PhotoDF_recentree_red-edited.jpg 447w, https:\/\/librairie-lesoiseauxrares.fr\/wp-content\/uploads\/2026\/02\/PhotoDF_recentree_red-edited-276x300.jpg 276w\" sizes=\"auto, (max-width: 447px) 100vw, 447px\" \/><\/a><\/figure>\n\n<h2 class=\"wp-block-post-title has-normal-font-size\"><a href=\"https:\/\/librairie-lesoiseauxrares.fr\/index.php\/2026\/02\/05\/soiree-rencontre-mercredi-18-fevrier-19h15\/\" target=\"_self\" >Soir\u00e9e \u2013 Rencontre \u2013 Mercredi 18 f\u00e9vrier 19h15<\/a><\/h2>\n\n<div class=\"is-style-default wp-block-post-excerpt\"><p class=\"wp-block-post-excerpt__excerpt\">Mercredi 18 f\u00e9vrier \u00e0 19h15, nous accueillerons Dominique Fabre pour nous parler de son dernier livre La jeunesse est un c\u0153ur qui bat, paru le 8 janvier 2026 chez Arl\u00e9a.\u2026 <\/p><\/div><\/div>\n<\/section>\n<\/li><li class=\"wp-block-post post-1100 post type-post status-publish format-standard has-post-thumbnail hentry category-evenement category-non-classe category-rencontre tag-30 tag-passe\">\n<section class=\"wp-block-template-part\">\n<div class=\"wp-block-group is-style-no-padding is-vertical is-content-justification-left is-layout-flex wp-container-core-group-is-layout-c7bd0f67 wp-block-group-is-layout-flex\" style=\"margin-top:0\"><figure style=\"aspect-ratio:1;width:100%; padding-top:0;padding-bottom:0;padding-left:0;padding-right:0;margin-top:0;margin-bottom:0;\" class=\"alignleft is-style-default wp-block-post-featured-image\"><a href=\"https:\/\/librairie-lesoiseauxrares.fr\/index.php\/2026\/01\/08\/soiree-nuits-de-la-lecture-le-23-janvier-expo-photos-et-lectures-partagees-sur-le-theme-villes-et-campagnes\/\" target=\"_self\"  ><img loading=\"lazy\" decoding=\"async\" width=\"297\" height=\"154\" src=\"https:\/\/librairie-lesoiseauxrares.fr\/wp-content\/uploads\/2026\/01\/extrait-ogo-cnl.jpg\" class=\"attachment-post-thumbnail size-post-thumbnail wp-post-image\" alt=\"Soir\u00e9e \u00ab\u00a0Nuits de la lecture\u00a0\u00bb le 23 janvier : expo photos et lectures partag\u00e9es sur le th\u00e8me \u00ab\u00a0villes et campagnes\u00a0\u00bb\" style=\"border-radius:0px;width:100%;height:100%;object-fit:cover;\" \/><\/a><\/figure>\n\n<h2 class=\"wp-block-post-title has-normal-font-size\"><a href=\"https:\/\/librairie-lesoiseauxrares.fr\/index.php\/2026\/01\/08\/soiree-nuits-de-la-lecture-le-23-janvier-expo-photos-et-lectures-partagees-sur-le-theme-villes-et-campagnes\/\" target=\"_self\" >Soir\u00e9e \u00ab\u00a0Nuits de la lecture\u00a0\u00bb le 23 janvier : expo photos et lectures partag\u00e9es sur le th\u00e8me \u00ab\u00a0villes et campagnes\u00a0\u00bb<\/a><\/h2>\n\n<div class=\"is-style-default wp-block-post-excerpt\"><p class=\"wp-block-post-excerpt__excerpt\">Dans le cadre des \u00ab\u00a0Nuits de la lecture\u00a0\u00bb organis\u00e9es par le CNL (Centre National du Livre), la librairie vous propose une soir\u00e9e d\u00e9di\u00e9e au th\u00e8me \u00ab\u00a0villes et campagnes\u00a0\u00bb, le vendredi\u2026 <\/p><\/div><\/div>\n<\/section>\n<\/li><\/ul>\n\n\n<div class=\"wp-block-group is-style-no-padding has-global-padding is-layout-constrained wp-block-group-is-layout-constrained\"><nav class=\"wp-block-query-pagination is-content-justification-center is-layout-flex wp-container-core-query-pagination-is-layout-a89b3969 wp-block-query-pagination-is-layout-flex\" aria-label=\"Pagination\">\n\n\n<div class=\"wp-block-query-pagination-numbers\"><span aria-current=\"page\" class=\"page-numbers current\">1<\/span>\n<a class=\"page-numbers\" href=\"?query-1-page=2\">2<\/a>\n<a class=\"page-numbers\" href=\"?query-1-page=3\">3<\/a>\n<span class=\"page-numbers dots\">\u2026<\/span>\n<a class=\"page-numbers\" href=\"?query-1-page=8\">8<\/a><\/div>\n\n<a href=\"\/index.php\/wp-json\/wp\/v2\/pages\/36?query-1-page=2\" class=\"wp-block-query-pagination-next\">Page suivante<\/a>\n<\/nav><\/div>\n\n\n<\/div>\n<\/div>\n<\/div>\n","protected":false},"excerpt":{"rendered":"<p>Tous les \u00e9v\u00e9nements, rencontres &#038; d\u00e9dicaces, organis\u00e9s \u00e0 la librairie pendant l&rsquo;ann\u00e9e en cours. Pour retrouver des \u00e9v\u00e9nements ant\u00e9rieurs, visitez la page des archives !<\/p>\n","protected":false},"author":2,"featured_media":0,"parent":0,"menu_order":0,"comment_status":"closed","ping_status":"closed","template":"","meta":{"footnotes":""},"class_list":["post-36","page","type-page","status-publish","hentry"],"_links":{"self":[{"href":"https:\/\/librairie-lesoiseauxrares.fr\/index.php\/wp-json\/wp\/v2\/pages\/36","targetHints":{"allow":["GET"]}}],"collection":[{"href":"https:\/\/librairie-lesoiseauxrares.fr\/index.php\/wp-json\/wp\/v2\/pages"}],"about":[{"href":"https:\/\/librairie-lesoiseauxrares.fr\/index.php\/wp-json\/wp\/v2\/types\/page"}],"author":[{"embeddable":true,"href":"https:\/\/librairie-lesoiseauxrares.fr\/index.php\/wp-json\/wp\/v2\/users\/2"}],"replies":[{"embeddable":true,"href":"https:\/\/librairie-lesoiseauxrares.fr\/index.php\/wp-json\/wp\/v2\/comments?post=36"}],"version-history":[{"count":6,"href":"https:\/\/librairie-lesoiseauxrares.fr\/index.php\/wp-json\/wp\/v2\/pages\/36\/revisions"}],"predecessor-version":[{"id":925,"href":"https:\/\/librairie-lesoiseauxrares.fr\/index.php\/wp-json\/wp\/v2\/pages\/36\/revisions\/925"}],"wp:attachment":[{"href":"https:\/\/librairie-lesoiseauxrares.fr\/index.php\/wp-json\/wp\/v2\/media?parent=36"}],"curies":[{"name":"wp","href":"https:\/\/api.w.org\/{rel}","templated":true}]}}