{"id":37,"date":"2023-05-29T15:32:19","date_gmt":"2023-05-29T13:32:19","guid":{"rendered":"https:\/\/librairielesoiseauxrares.wordpress.com\/?page_id=37"},"modified":"2025-10-23T13:55:49","modified_gmt":"2025-10-23T11:55:49","slug":"informations-pratiques","status":"publish","type":"page","link":"https:\/\/librairie-lesoiseauxrares.fr\/index.php\/informations-pratiques\/","title":{"rendered":"Informations pratiques"},"content":{"rendered":"\n<div class=\"wp-block-group alignfull is-style-no-padding has-primary-background-color has-background is-layout-flow wp-block-group-is-layout-flow\" style=\"margin-top:0;margin-bottom:0;padding-right:0;padding-left:0\">\n<div class=\"wp-block-columns is-style-no-gap has-primary-background-color has-background is-layout-flex wp-container-core-columns-is-layout-3e250f30 wp-block-columns-is-layout-flex is-style-no-gap--2\" style=\"margin-top:0;margin-bottom:0\">\n<div class=\"wp-block-column is-style-default is-layout-flow wp-container-core-column-is-layout-0c426c3e wp-block-column-is-layout-flow\" style=\"border-style:none;border-width:0px;padding-top:var(--wp--preset--spacing--20);padding-right:var(--wp--preset--spacing--30);padding-bottom:var(--wp--preset--spacing--20);padding-left:var(--wp--preset--spacing--30);flex-basis:200px\">\n<div class=\"wp-block-group is-style-default has-global-padding is-layout-constrained wp-container-core-group-is-layout-5ece44a2 wp-block-group-is-layout-constrained\" style=\"margin-top:var(--wp--preset--spacing--40);margin-bottom:var(--wp--preset--spacing--40);padding-top:0;padding-bottom:0\">\n<h4 class=\"wp-block-heading has-text-align-right\" style=\"padding-top:var(--wp--preset--spacing--30);padding-right:var(--wp--preset--spacing--50);padding-bottom:var(--wp--preset--spacing--30);padding-left:var(--wp--preset--spacing--50)\">HORAIRES<\/h4>\n\n\n\n<p class=\"has-text-align-right is-style-default has-normal-font-size\" style=\"padding-right:var(--wp--preset--spacing--50);padding-left:var(--wp--preset--spacing--50)\">Mardi &#8211; Samedi<\/p>\n\n\n\n<p class=\"has-text-align-right is-style-default has-normal-font-size\" style=\"padding-right:var(--wp--preset--spacing--50);padding-left:var(--wp--preset--spacing--50)\">10h30 &#8211; 19h<br>ouvert en continu sauf jeudi ferm\u00e9 entre 14h et 15h<\/p>\n\n\n\n<div style=\"height:20px\" aria-hidden=\"true\" class=\"wp-block-spacer\"><\/div>\n\n\n\n<h4 class=\"wp-block-heading has-text-align-right\" style=\"padding-top:var(--wp--preset--spacing--30);padding-right:var(--wp--preset--spacing--50);padding-bottom:var(--wp--preset--spacing--30);padding-left:var(--wp--preset--spacing--50)\">ADRESSE<\/h4>\n\n\n\n<p class=\"has-text-align-right\" style=\"padding-right:var(--wp--preset--spacing--50);padding-left:var(--wp--preset--spacing--50)\">1 rue Vulpian<\/p>\n\n\n\n<p class=\"has-text-align-right\" style=\"padding-right:var(--wp--preset--spacing--50);padding-left:var(--wp--preset--spacing--50)\">75013 Paris<\/p>\n<\/div>\n<\/div>\n\n\n\n<div class=\"wp-block-column is-vertically-aligned-top is-style-default is-layout-flow wp-block-column-is-layout-flow\" style=\"flex-basis:85%\"><div id=\"wpgmza_map_1\" class=\"wpgmza_map wpgmza-auto-left\" style=\"display:block;width:100%;height:400px;overflow:hidden;position:relative;\" data-map-id=\"1\" data-maps-engine=\"open-layers\" data-build-engine=\"atlas-novus\" data-shortcode-attributes=\"{&quot;id&quot;:&quot;1&quot;,&quot;zoom&quot;:false,&quot;width&quot;:false,&quot;height&quot;:false,&quot;marker&quot;:false,&quot;classname&quot;:false}\" data-settings=\"{&quot;map_title&quot;:&quot;Localisation de la librairie&quot;,&quot;map_width&quot;:&quot;100&quot;,&quot;map_height&quot;:&quot;400&quot;,&quot;map_start_lat&quot;:&quot;48.83424316251748&quot;,&quot;map_start_lng&quot;:&quot;2.349321588519164&quot;,&quot;map_start_location&quot;:&quot;45.950464398418106,-109.81550500000003&quot;,&quot;map_start_zoom&quot;:&quot;15&quot;,&quot;default_marker&quot;:&quot;&quot;,&quot;type&quot;:&quot;1&quot;,&quot;alignment&quot;:&quot;4&quot;,&quot;directions_enabled&quot;:&quot;0&quot;,&quot;styling_enabled&quot;:&quot;0&quot;,&quot;styling_json&quot;:&quot;&quot;,&quot;active&quot;:&quot;0&quot;,&quot;kml&quot;:&quot;&quot;,&quot;bicycle&quot;:&quot;0&quot;,&quot;traffic&quot;:&quot;0&quot;,&quot;dbox&quot;:&quot;0&quot;,&quot;dbox_width&quot;:&quot;&quot;,&quot;listmarkers&quot;:&quot;0&quot;,&quot;listmarkers_advanced&quot;:&quot;0&quot;,&quot;filterbycat&quot;:&quot;0&quot;,&quot;ugm_enabled&quot;:&quot;0&quot;,&quot;ugm_category_enabled&quot;:&quot;0&quot;,&quot;fusion&quot;:&quot;&quot;,&quot;map_width_type&quot;:&quot;%&quot;,&quot;map_height_type&quot;:&quot;px&quot;,&quot;mass_marker_support&quot;:&quot;0&quot;,&quot;ugm_access&quot;:&quot;0&quot;,&quot;order_markers_by&quot;:&quot;0&quot;,&quot;order_markers_choice&quot;:&quot;0&quot;,&quot;show_user_location&quot;:&quot;0&quot;,&quot;default_to&quot;:&quot;&quot;,&quot;map_type&quot;:1,&quot;sl_stroke_color&quot;:&quot;&quot;,&quot;sl_fill_color&quot;:&quot;&quot;,&quot;sl_stroke_opacity&quot;:&quot;&quot;,&quot;sl_fill_opacity&quot;:&quot;&quot;,&quot;transport_layer&quot;:false,&quot;action&quot;:&quot;wpgmza_save_map&quot;,&quot;redirect_to&quot;:&quot;\\\/wp-admin\\\/admin-post.php&quot;,&quot;map_id&quot;:&quot;1&quot;,&quot;wpgmza_savemap&quot;:&quot;Enregistrer la carte&quot;,&quot;http_referer&quot;:&quot;\\\/wp-admin\\\/admin.php?page=wp-google-maps-menu&amp;amp;action=edit&amp;amp;map_id=1&quot;,&quot;wpgmza_id&quot;:&quot;1&quot;,&quot;wpgmza_start_location&quot;:&quot;48.83424316251748,2.349321588519164&quot;,&quot;wpgmza_start_zoom&quot;:&quot;15&quot;,&quot;wpgmza_map_align&quot;:&quot;1&quot;,&quot;store_locator_enabled&quot;:false,&quot;store_locator_distance&quot;:false,&quot;store_locator_search_area&quot;:&quot;radial&quot;,&quot;wpgmza_store_locator_default_radius&quot;:&quot;10&quot;,&quot;store_locator_auto_area_max_zoom&quot;:&quot;&quot;,&quot;wpgmza_store_locator_radius_style&quot;:&quot;legacy&quot;,&quot;store_locator_component_anchor&quot;:&quot;0&quot;,&quot;wpgmza_store_locator_bounce&quot;:false,&quot;wpgmza_sl_animation&quot;:null,&quot;store_locator_query_string&quot;:&quot;&quot;,&quot;store_locator_location_placeholder&quot;:&quot;&quot;,&quot;store_locator_default_address&quot;:&quot;&quot;,&quot;store_locator_name_search&quot;:false,&quot;store_locator_name_string&quot;:&quot;&quot;,&quot;store_locator_not_found_message&quot;:&quot;&quot;,&quot;store_locator_show_distance&quot;:false,&quot;store_locator_category&quot;:false,&quot;wpgmza_store_locator_use_their_location&quot;:false,&quot;wpgmza_store_locator_hide_before_search&quot;:false,&quot;store_locator_nearby_searches&quot;:false,&quot;wpgmza_theme_data&quot;:&quot;&quot;,&quot;custom_tile_enabled&quot;:false,&quot;custom_tile_image&quot;:&quot;&quot;,&quot;custom_tile_image_width&quot;:&quot;&quot;,&quot;custom_tile_image_height&quot;:&quot;&quot;,&quot;custom_tile_image_attribution&quot;:&quot;&quot;,&quot;iw_primary_color&quot;:&quot;#000000&quot;,&quot;iw_accent_color&quot;:&quot;#000000&quot;,&quot;iw_text_color&quot;:&quot;#000000&quot;,&quot;close_infowindow_on_map_click&quot;:false,&quot;marker_share_links&quot;:false,&quot;wpgmza_listmarkers_by&quot;:&quot;0&quot;,&quot;marker_listing_component_anchor&quot;:null,&quot;marker_listing_component_auto_open&quot;:false,&quot;dataTable_pagination_style&quot;:null,&quot;category_filter_component_anchor&quot;:null,&quot;zoom_level_on_marker_listing_override&quot;:false,&quot;zoom_level_on_marker_listing_click&quot;:&quot;&quot;,&quot;marker_listing_disable_zoom&quot;:false,&quot;datatable_no_result_message&quot;:&quot;&quot;,&quot;remove_search_box_datables&quot;:false,&quot;datatable_search_string&quot;:&quot;&quot;,&quot;datatable_result_start&quot;:&quot;&quot;,&quot;datatable_result_of&quot;:&quot;&quot;,&quot;datatable_result_to&quot;:&quot;&quot;,&quot;datatable_result_total&quot;:&quot;&quot;,&quot;datatable_result_show&quot;:&quot;&quot;,&quot;datatable_result_entries&quot;:&quot;&quot;,&quot;category_legends_enabled&quot;:false,&quot;category_legends_component_anchor&quot;:null,&quot;jump_to_nearest_marker_on_initialization&quot;:false,&quot;click_open_link&quot;:false,&quot;wpgmza_zoom_on_marker_click&quot;:false,&quot;wpgmza_zoom_on_marker_click_slider&quot;:&quot;&quot;,&quot;polygon_labels&quot;:false,&quot;disable_polygon_info_windows&quot;:false,&quot;fit_maps_bounds_to_markers&quot;:false,&quot;fit_maps_bounds_to_markers_after_filtering&quot;:false,&quot;automatically_pan_to_users_location&quot;:false,&quot;override_users_location_zoom_level&quot;:false,&quot;override_users_location_zoom_levels&quot;:&quot;&quot;,&quot;show_distance_from_location&quot;:false,&quot;map_starts_in_streetview&quot;:false,&quot;map_starts_in_streetview_location&quot;:&quot;&quot;,&quot;map_starts_in_streetview_heading&quot;:&quot;&quot;,&quot;map_starts_in_streetview_pitch&quot;:&quot;&quot;,&quot;map_max_zoom&quot;:&quot;21&quot;,&quot;map_min_zoom&quot;:&quot;0&quot;,&quot;hide_point_of_interest&quot;:false,&quot;disable_lightbox_images&quot;:false,&quot;use_Raw_Jpeg_Coordinates&quot;:false,&quot;enable_marker_ratings&quot;:false,&quot;only_load_markers_within_viewport&quot;:false,&quot;wpgmza_ol_tile_filter&quot;:&quot;none&quot;,&quot;id&quot;:1}\" ><\/div><\/div>\n<\/div>\n<\/div>\n\n\n\n<div class=\"wp-block-group alignfull has-secondary-alt-background-color has-background has-global-padding is-layout-constrained wp-block-group-is-layout-constrained\" id=\"features-3-columns\" style=\"margin-top:0;margin-bottom:0\">\n<h2 class=\"wp-block-heading has-text-align-center\" id=\"features-3-columns\">Questions fr\u00e9quentes<\/h2>\n\n\n\n<div class=\"wp-block-columns alignwide is-layout-flex wp-container-core-columns-is-layout-28f84493 wp-block-columns-is-layout-flex\">\n<div class=\"wp-block-column is-layout-flow wp-block-column-is-layout-flow\">\n<figure class=\"wp-block-image aligncenter size-thumbnail is-resized is-style-image-round-border is-style-rounded is-style-image-round-border--3\"><img loading=\"lazy\" decoding=\"async\" width=\"150\" height=\"150\" src=\"http:\/\/librairie-lesoiseauxrares.fr\/wp-content\/uploads\/2024\/04\/OISEAUX-SEULS-150x150.png\" alt=\"\" class=\"wp-image-610\" style=\"width:100px;height:100px\" srcset=\"https:\/\/librairie-lesoiseauxrares.fr\/wp-content\/uploads\/2024\/04\/OISEAUX-SEULS-150x150.png 150w, https:\/\/librairie-lesoiseauxrares.fr\/wp-content\/uploads\/2024\/04\/OISEAUX-SEULS.png 283w\" sizes=\"auto, (max-width: 150px) 100vw, 150px\" \/><\/figure>\n\n\n\n<h3 class=\"wp-block-heading has-text-align-center\" id=\"column-1\">Comment puis-je commander un livre ?<\/h3>\n\n\n\n<p class=\"has-text-align-center is-style-link-no-underline is-style-link-no-underline--4\">Pour commander un livre vous avez quatre options :<br>1. Appelez-nous au<mark style=\"background-color:rgba(0, 0, 0, 0)\" class=\"has-inline-color has-custom-tertiary-pink-color\"> <a href=\"tel:01 45 35 38 45\">01 45 35 38 45<\/a><\/mark><br>2. Envoyez-nous un e-mail \u00e0 l&rsquo;adresse<br><a href=\"mailto:lesoiseaux.rares@orange.fr\"><mark style=\"background-color:rgba(0, 0, 0, 0)\" class=\"has-inline-color has-custom-tertiary-pink-color\">lesoiseaux.rares@orange.fr<\/mark><\/a><br>3. Commandez-le sur le site <a href=\"https:\/\/www.parislibrairies.fr\/magasins\/Paris\/Les-Oiseaux-rares-2865\/\" data-type=\"link\" data-id=\"https:\/\/www.parislibrairies.fr\/magasins\/Paris\/Les-Oiseaux-rares-2865\/\" target=\"_blank\" rel=\"noreferrer noopener\"><mark style=\"background-color:rgba(0, 0, 0, 0)\" class=\"has-inline-color has-custom-tertiary-pink-color\">Paris Librairies<\/mark><\/a> ou <a href=\"https:\/\/www.placedeslibraires.fr\/magasins\/Paris\/Les-Oiseaux-rares-2865\/\" target=\"_blank\" rel=\"noreferrer noopener\"><mark style=\"background-color:rgba(0, 0, 0, 0)\" class=\"has-inline-color has-custom-tertiary-pink-color\">Place des Libraires<\/mark><\/a>. Vous pouvez voir si le livre est d\u00e9j\u00e0 dans notre stock, et le r\u00e9server<br>4. Passez nous voir \u00e0 la librairie !<br><mark style=\"background-color:rgba(0, 0, 0, 0)\" class=\"has-inline-color has-custom-tertiary-pink-color\">Vous recevez un e-mail lorsque votre commande a \u00e9t\u00e9 r\u00e9ceptionn\u00e9e et n&rsquo;attend plus que vous<\/mark><\/p>\n<\/div>\n\n\n\n<div class=\"wp-block-column is-layout-flow wp-block-column-is-layout-flow\">\n<figure class=\"wp-block-image aligncenter size-thumbnail is-resized is-style-image-round-border is-style-rounded is-style-image-round-border--5\"><img loading=\"lazy\" decoding=\"async\" width=\"150\" height=\"150\" src=\"http:\/\/librairie-lesoiseauxrares.fr\/wp-content\/uploads\/2024\/04\/LIVRE_DANS_NUAGE-copie-150x150.jpg\" alt=\"\" class=\"wp-image-721\" style=\"width:100px;height:100px\"\/><\/figure>\n\n\n\n<h3 class=\"wp-block-heading has-text-align-center\" id=\"column-2\">Dois-je m&rsquo;inscrire aux \u00e9v\u00e9nements propos\u00e9s par la librairie ?<\/h3>\n\n\n\n<p class=\"has-text-align-center\">Sauf mention sp\u00e9ciale il n&rsquo;est pas n\u00e9cessaire de vous inscrire pour les rencontres ou les s\u00e9ances de d\u00e9dicaces organis\u00e9es \u00e0 la librairie, mais il nous fait toujours plaisir de savoir si vous \u00eates int\u00e9ress\u00e9s&#8230; N&rsquo;h\u00e9sitez pas \u00e0 nous faire un retour sur nos \u00e9v\u00e9nements !<\/p>\n<\/div>\n\n\n\n<div class=\"wp-block-column is-layout-flow wp-block-column-is-layout-flow\">\n<figure class=\"wp-block-image aligncenter size-thumbnail is-resized is-style-image-round-border is-style-rounded is-style-image-round-border--6\"><img loading=\"lazy\" decoding=\"async\" width=\"150\" height=\"150\" src=\"http:\/\/librairie-lesoiseauxrares.fr\/wp-content\/uploads\/2024\/04\/oiseau-seul-6-copie-150x150.jpg\" alt=\"\" class=\"wp-image-730\" style=\"width:100px;height:100px\"\/><\/figure>\n\n\n\n<h3 class=\"wp-block-heading has-text-align-center\" id=\"column-3\">Puis-je utiliser mon pass culture \u00e0 la librairie ?<\/h3>\n\n\n\n<p class=\"has-text-align-center\">Oui! Mangas, bandes dessin\u00e9es, romans graphiques, litt\u00e9rature jeunesse, grands classiques, polars, il y a tout pour \u00e9veiller votre \u00e2me de lecteur\u00b7ice&#8230; Et surtout: n&rsquo;h\u00e9sitez pas \u00e0 demander des conseils aux oiseaux libraires.<\/p>\n<\/div>\n<\/div>\n<\/div>\n","protected":false},"excerpt":{"rendered":"<p>O\u00f9 peut-on trouver cette fantastique librairie ? Puis-je m&rsquo;y rendre \u00e0 l&rsquo;instant !?<\/p>\n","protected":false},"author":2,"featured_media":0,"parent":0,"menu_order":0,"comment_status":"closed","ping_status":"closed","template":"","meta":{"footnotes":""},"class_list":["post-37","page","type-page","status-publish","hentry"],"_links":{"self":[{"href":"https:\/\/librairie-lesoiseauxrares.fr\/index.php\/wp-json\/wp\/v2\/pages\/37","targetHints":{"allow":["GET"]}}],"collection":[{"href":"https:\/\/librairie-lesoiseauxrares.fr\/index.php\/wp-json\/wp\/v2\/pages"}],"about":[{"href":"https:\/\/librairie-lesoiseauxrares.fr\/index.php\/wp-json\/wp\/v2\/types\/page"}],"author":[{"embeddable":true,"href":"https:\/\/librairie-lesoiseauxrares.fr\/index.php\/wp-json\/wp\/v2\/users\/2"}],"replies":[{"embeddable":true,"href":"https:\/\/librairie-lesoiseauxrares.fr\/index.php\/wp-json\/wp\/v2\/comments?post=37"}],"version-history":[{"count":18,"href":"https:\/\/librairie-lesoiseauxrares.fr\/index.php\/wp-json\/wp\/v2\/pages\/37\/revisions"}],"predecessor-version":[{"id":1054,"href":"https:\/\/librairie-lesoiseauxrares.fr\/index.php\/wp-json\/wp\/v2\/pages\/37\/revisions\/1054"}],"wp:attachment":[{"href":"https:\/\/librairie-lesoiseauxrares.fr\/index.php\/wp-json\/wp\/v2\/media?parent=37"}],"curies":[{"name":"wp","href":"https:\/\/api.w.org\/{rel}","templated":true}]}}