{"id":402,"date":"2024-03-12T19:16:48","date_gmt":"2024-03-12T18:16:48","guid":{"rendered":"https:\/\/librairie-lesoiseauxrares.fr\/?page_id=402"},"modified":"2024-04-02T17:55:24","modified_gmt":"2024-04-02T15:55:24","slug":"archives","status":"publish","type":"page","link":"https:\/\/librairie-lesoiseauxrares.fr\/index.php\/archives\/","title":{"rendered":"Archives"},"content":{"rendered":"\n<p>Nous sommes en train de vous concocter un bel article consacr\u00e9 \u00e0 l&rsquo;ann\u00e9e 2023 \u00e0 la librairie, patience&#8230;<\/p>\n\n\n\n<div class=\"wp-block-query alignwide has-global-padding is-layout-constrained wp-block-query-is-layout-constrained\">\n\n\n<div class=\"wp-block-group is-style-no-padding has-global-padding is-layout-constrained wp-block-group-is-layout-constrained\"><\/div>\n<\/div>\n","protected":false},"excerpt":{"rendered":"<p>Retrouvez ici le r\u00e9sum\u00e9 des \u00e9v\u00e9nements marquants des ann\u00e9es pr\u00e9c\u00e9dentes.<\/p>\n","protected":false},"author":1,"featured_media":0,"parent":0,"menu_order":0,"comment_status":"closed","ping_status":"closed","template":"","meta":{"footnotes":""},"class_list":["post-402","page","type-page","status-publish","hentry"],"_links":{"self":[{"href":"https:\/\/librairie-lesoiseauxrares.fr\/index.php\/wp-json\/wp\/v2\/pages\/402","targetHints":{"allow":["GET"]}}],"collection":[{"href":"https:\/\/librairie-lesoiseauxrares.fr\/index.php\/wp-json\/wp\/v2\/pages"}],"about":[{"href":"https:\/\/librairie-lesoiseauxrares.fr\/index.php\/wp-json\/wp\/v2\/types\/page"}],"author":[{"embeddable":true,"href":"https:\/\/librairie-lesoiseauxrares.fr\/index.php\/wp-json\/wp\/v2\/users\/1"}],"replies":[{"embeddable":true,"href":"https:\/\/librairie-lesoiseauxrares.fr\/index.php\/wp-json\/wp\/v2\/comments?post=402"}],"version-history":[{"count":3,"href":"https:\/\/librairie-lesoiseauxrares.fr\/index.php\/wp-json\/wp\/v2\/pages\/402\/revisions"}],"predecessor-version":[{"id":602,"href":"https:\/\/librairie-lesoiseauxrares.fr\/index.php\/wp-json\/wp\/v2\/pages\/402\/revisions\/602"}],"wp:attachment":[{"href":"https:\/\/librairie-lesoiseauxrares.fr\/index.php\/wp-json\/wp\/v2\/media?parent=402"}],"curies":[{"name":"wp","href":"https:\/\/api.w.org\/{rel}","templated":true}]}}